{"id":105,"date":"2020-11-01T19:51:22","date_gmt":"2020-11-01T18:51:22","guid":{"rendered":"http:\/\/olympeconseil.fr\/?page_id=105"},"modified":"2024-10-14T11:10:40","modified_gmt":"2024-10-14T09:10:40","slug":"notre-mission","status":"publish","type":"page","link":"https:\/\/olympeconseil.fr\/?page_id=105","title":{"rendered":"Pourquoi Olympe ?"},"content":{"rendered":"<p>[et_pb_section fb_built=\u00a0\u00bb1&Prime; _builder_version=\u00a0\u00bb3.22&Prime; custom_padding=\u00a0\u00bb0|0px|0|0px|false|false\u00a0\u00bb][et_pb_row column_structure=\u00a0\u00bb1_2,1_2&Prime; _builder_version=\u00a0\u00bb3.25&Prime; custom_padding=\u00a0\u00bb24px|0px|46px|0px|false|false\u00a0\u00bb][et_pb_column type=\u00a0\u00bb1_2&Prime; _builder_version=\u00a0\u00bb3.25&Prime; custom_padding=\u00a0\u00bb|||\u00a0\u00bb custom_padding__hover=\u00a0\u00bb|||\u00a0\u00bb][et_pb_image src=\u00a0\u00bbhttp:\/\/olympeconseil.fr\/wp-content\/uploads\/2021\/02\/Pourquoi-Olympe-_03.png\u00a0\u00bb align_tablet=\u00a0\u00bbcenter\u00a0\u00bb align_phone=\u00a0\u00bb\u00a0\u00bb align_last_edited=\u00a0\u00bbon|desktop\u00a0\u00bb _builder_version=\u00a0\u00bb3.23&Prime; max_width=\u00a0\u00bb84%\u00a0\u00bb module_alignment=\u00a0\u00bbleft\u00a0\u00bb][\/et_pb_image][\/et_pb_column][et_pb_column type=\u00a0\u00bb1_2&Prime; _builder_version=\u00a0\u00bb3.25&Prime; custom_padding=\u00a0\u00bb|||\u00a0\u00bb custom_padding__hover=\u00a0\u00bb|||\u00a0\u00bb][et_pb_text _builder_version=\u00a0\u00bb4.5.3&Prime; _module_preset=\u00a0\u00bbdefault\u00a0\u00bb]<strong>Olympe vous accompagne pour \u00e9laborer et mettre en \u0153uvre vos engagements en faveur de l\u2019\u00e9galit\u00e9.<\/strong><strong><br \/>\n<\/strong><strong><br \/>\n<\/strong>Vous souhaitez que votre entreprise, votre collectivit\u00e9, votre association, s\u2019engage pour l\u2019\u00e9galit\u00e9 femmes-hommes et dans la lutte contre les discriminations mais vous ne savez pas comment vous y prendre\u00a0?<\/p>\n<p>Olympe est l\u00e0 pour vous accompagner dans <a href=\"https:\/\/olympeconseil.fr\/#L'offre\">cette d\u00e9marche<\/a>.[\/et_pb_text][\/et_pb_column][\/et_pb_row][\/et_pb_section][et_pb_section fb_built=\u00a0\u00bb1&Prime; _builder_version=\u00a0\u00bb3.22&Prime; custom_padding=\u00a0\u00bb0|0px|0|0px|false|false\u00a0\u00bb][et_pb_row make_equal=\u00a0\u00bbon\u00a0\u00bb _builder_version=\u00a0\u00bb4.5.3&Prime; custom_margin=\u00a0\u00bb||100px||false|false\u00a0\u00bb custom_padding=\u00a0\u00bb0|0px|0|0px|false|false\u00a0\u00bb hover_enabled=\u00a0\u00bb0&Prime;][et_pb_column type=\u00a0\u00bb4_4&Prime; _builder_version=\u00a0\u00bb3.25&Prime; custom_padding=\u00a0\u00bb||0px|\u00a0\u00bb custom_padding__hover=\u00a0\u00bb|||\u00a0\u00bb][et_pb_team_member name=\u00a0\u00bbElise Michaud \/ Fondatrice d&rsquo;Olympe\u00a0\u00bb image_url=\u00a0\u00bbhttp:\/\/olympeconseil.fr\/wp-content\/uploads\/2021\/03\/Photo-profil-ronde.png\u00a0\u00bb _builder_version=\u00a0\u00bb4.5.3&Prime; header_font=\u00a0\u00bbAvenir|700|||||||\u00a0\u00bb body_font=\u00a0\u00bbAvenir||||||||\u00a0\u00bb text_orientation=\u00a0\u00bbleft\u00a0\u00bb min_height=\u00a0\u00bb456.5px\u00a0\u00bb custom_margin=\u00a0\u00bb|||\u00a0\u00bb hover_enabled=\u00a0\u00bb0&Prime; inline_fonts=\u00a0\u00bbAvenir\u00a0\u00bb]<\/p>\n<blockquote>\n<p><span style=\"font-weight: normal; font-size: small; color: #000000;\"><em><a href=\"http:\/\/olympeconseil.fr\/wp-content\/uploads\/2024\/10\/CV_Elise-Michaud.pdf\">CV \u00e0 t\u00e9l\u00e9charger ici<\/a><\/em><\/span><\/p>\n<p><span style=\"font-weight: normal; font-size: medium; color: #000000;\"><a href=\"https:\/\/www.linkedin.com\/in\/elise-michaud\/\">Elise Michaud<\/a> est dipl\u00f4m\u00e9e de Sciences Po Bordeaux et a commenc\u00e9 sa carri\u00e8re chez Havas, dans la communication \u00e9v\u00e9nementielle.<\/span><br \/><span style=\"font-weight: normal; font-size: medium; color: #000000;\">Elle rejoint ensuite le\u00a0D\u00e9partement de la Seine-Saint-Denis comme charg\u00e9e de mission \u00e0 la Direction de la communication.<\/span><br \/><span style=\"font-weight: normal; font-size: medium; color: #000000;\"> En 2017 elle obtient le dipl\u00f4me universitaire <i>\u00ab\u00a0violences faites aux femmes\u00a0\u00bb<\/i> \u00e0 Paris VIII et r\u00e9dige un m\u00e9moire sur le traitement m\u00e9diatique des violences sexistes et sexuelles. Elle r\u00e9-oriente alors sa carri\u00e8re et devient charg\u00e9e de mission \u00e9galit\u00e9 femmes-hommes, toujours en Seine-Saint-Denis.<\/span><br \/><span style=\"font-weight: normal; font-size: medium; color: #000000;\"> Convaincue que l\u2019\u00e9galit\u00e9 entre les femmes et les hommes doit \u00eatre mise au c\u0153ur des strat\u00e9gies RH de toutes les entreprises et administrations, et se d\u00e9cliner dans les politiques publiques, elle cr\u00e9e <a href=\"www.olympeconseil.fr\">Olympe<\/a>, cabinet de conseil en \u00e9galit\u00e9 femmes-hommes.<br \/> <\/span><span style=\"font-size: medium; color: #0c0c0c;\">En mars 2021, elle publie avec\u00a0Marion Oderda\u00a0l&rsquo;ouvrage<\/span><a style=\"font-size: medium;\" href=\"https:\/\/boutique.berger-levrault.fr\/collectivites-locales\/ouvrages\/affaires-juridiques-et-administratives\/pour-des-politiques-locales-d-egalite-femmes-hommes.html\"><em>\u00ab\u00a0Pour des politiques locales d&rsquo;\u00e9galit\u00e9 femmes-hommes\u00a0\u00bb<\/em><\/a><span style=\"font-size: medium; color: #000000;\">aux Editions Berger-Levrault.<\/span><\/p>\n<\/blockquote>\n<p><span style=\"font-size: large;\"><a href=\"https:\/\/www.linkedin.com\/in\/elise-michaud\/\">LinkedIn\u00a0<\/a><\/span><\/p>\n<p>[\/et_pb_team_member][et_pb_text _builder_version=\u00a0\u00bb4.5.3&Prime;]<\/p>\n<h1><span style=\"font-size: medium;\">Interview d&rsquo;Elise Michaud et Marion Oderda \u00e0 l&rsquo;occasion de la sortie de l&rsquo;ouvrage <span style=\"text-decoration: underline;\">Pour des politiques locales d&rsquo;\u00e9galit\u00e9<\/span>.<\/span><\/h1>\n<h1><span style=\"font-size: small;\"><em>Cliquer sur l&rsquo;image pour lancer la vid\u00e9o<\/em><\/span><\/h1>\n<p>&nbsp;<\/p>\n<p>[\/et_pb_text][et_pb_image src=\u00a0\u00bbhttp:\/\/olympeconseil.fr\/wp-content\/uploads\/2022\/02\/Capture-de\u0301cran-2022-02-18-a\u0300-11.30.44-e1645180265692.png\u00a0\u00bb url=\u00a0\u00bbhttps:\/\/www.youtube.com\/watch?v=gXLN1Wh71oo\u00a0\u00bb align=\u00a0\u00bbcenter\u00a0\u00bb align_tablet=\u00a0\u00bbcenter\u00a0\u00bb align_phone=\u00a0\u00bb\u00a0\u00bb align_last_edited=\u00a0\u00bbon|desktop\u00a0\u00bb admin_label=\u00a0\u00bbInterview Elise Michaud et Marion Oderda\u00a0\u00bb _builder_version=\u00a0\u00bb3.23&Prime;][\/et_pb_image][\/et_pb_column][\/et_pb_row][et_pb_row make_equal=\u00a0\u00bbon\u00a0\u00bb _builder_version=\u00a0\u00bb3.25&Prime; custom_margin=\u00a0\u00bb-116px|||\u00a0\u00bb custom_padding=\u00a0\u00bb0|0px|0px|0px|false|false\u00a0\u00bb][et_pb_column type=\u00a0\u00bb4_4&Prime; _builder_version=\u00a0\u00bb3.25&Prime; custom_padding=\u00a0\u00bb||0px|\u00a0\u00bb custom_padding__hover=\u00a0\u00bb|||\u00a0\u00bb][et_pb_team_member name=\u00a0\u00bbOlympe De Gouges\u00a0\u00bb position=\u00a0\u00bbFemme politique et dramaturge\u00a0\u00bb image_url=\u00a0\u00bbhttp:\/\/olympeconseil.fr\/wp-content\/uploads\/2021\/02\/gouges.jpg\u00a0\u00bb _builder_version=\u00a0\u00bb3.9&Prime; header_font=\u00a0\u00bbAvenir|700|||||||\u00a0\u00bb custom_margin=\u00a0\u00bb|||\u00a0\u00bb custom_padding=\u00a0\u00bb70px|||\u00a0\u00bb inline_fonts=\u00a0\u00bbAvenir\u00a0\u00bb]<span style=\"font-size: medium; font-family: Avenir; font-weight: normal; color: #000000;\">Olympe de Gouges na\u00eet le 7 mai 1748 \u00e0 Montauban sous le nom de Marie Gouze. Elle serait alors la fille naturelle du po\u00e8te Le Franc de Pompignan. Elle \u00e9pouse un certain Louis Aubry, en 1765, mais se retrouve veuve peu de temps apr\u00e8s, pour garder sa libert\u00e9 elle ne se remariera jamais. Elle choisit alors de changer son nom pour celui d&rsquo;Olympe de Gouges. Elle se rend \u00e0 Paris avec son petit gar\u00e7on et r\u00e9dige ses premiers textes,\u00a0des essais et pamphlets sans se soucier des inimiti\u00e9s que cela lui conf\u00e8re. Elle monte son propre th\u00e9\u00e2tre et malgr\u00e9 la censure royale, fait jouer de nombreuses pi\u00e8ces engag\u00e9es.<\/span><br \/>\n<span style=\"font-size: medium; font-family: Avenir; font-weight: normal; color: #000000;\"> Inspir\u00e9e par les \u00e9v\u00e9nements de la R\u00e9volution fran\u00e7aise, elle publie des ouvrages pour l&rsquo;\u00e9galit\u00e9 des droits jusqu&rsquo;\u00e0 sa fameuse\u00a0<i>D\u00e9claration des droits de la femme et de la citoyenne<\/i>, r\u00e9dig\u00e9e en 1791 \u00e0 la suite de l&rsquo;adoption de la D\u00e9claration des droits de l&rsquo;homme et du citoyen, le 26\u00a0ao\u00fbt 1789. Elle y pr\u00f4ne ardemment l&rsquo;\u00e9mancipation f\u00e9minine notamment au travers de l\u2019\u00e9galit\u00e9 entre les sexes. Selon son ouvrage, la femme devrait \u00eatre consid\u00e9r\u00e9e comme citoyenne \u00e0 part enti\u00e8re.<br \/>\nSes actions ne se limitent toutefois pas \u00e0 la condition des femmes. Olympe de Gouges s&rsquo;opposait ouvertement \u00e0 l&rsquo;esclavage ou encore \u00e0 la peine de mort. C&rsquo;est aussi l&rsquo;une des premi\u00e8res \u00e0 exprimer des propositions concr\u00e8tes en faveur de la d\u00e9mocratie.<\/span><br \/>\n<span style=\"font-size: medium; font-family: Avenir; font-weight: normal; color: #000000;\"> Condamn\u00e9e \u00e0 mort pour avoir soutenu les Girondins, Olympe de Gouges est guillotin\u00e9e le 3\u00a0novembre 1793 \u00e0 Paris.<\/span><\/p>\n<p><span style=\"font-size: medium; font-family: Avenir; font-weight: normal; color: #000000;\"><em>C&rsquo;est elle, vous l&rsquo;aurez compris, qui nous a inspir\u00e9 le nom de notre cabinet de conseil en \u00e9galit\u00e9<\/em><em> femmes-hommes.\u00a0<\/em><\/span>[\/et_pb_team_member][\/et_pb_column][\/et_pb_row][\/et_pb_section]<\/p>\n","protected":false},"excerpt":{"rendered":"<p>[et_pb_section fb_built=\u00a0\u00bb1&Prime; _builder_version=\u00a0\u00bb3.22&Prime; custom_padding=\u00a0\u00bb0|0px|0|0px|false|false\u00a0\u00bb][et_pb_row column_structure=\u00a0\u00bb1_2,1_2&Prime; _builder_version=\u00a0\u00bb3.25&Prime; custom_padding=\u00a0\u00bb24px|0px|46px|0px|false|false\u00a0\u00bb][et_pb_column type=\u00a0\u00bb1_2&Prime; _builder_version=\u00a0\u00bb3.25&Prime; custom_padding=\u00a0\u00bb|||\u00a0\u00bb custom_padding__hover=\u00a0\u00bb|||\u00a0\u00bb][et_pb_image src=\u00a0\u00bbhttp:\/\/olympeconseil.fr\/wp-content\/uploads\/2021\/02\/Pourquoi-Olympe-_03.png\u00a0\u00bb align_tablet=\u00a0\u00bbcenter\u00a0\u00bb align_phone=\u00a0\u00bb\u00a0\u00bb align_last_edited=\u00a0\u00bbon|desktop\u00a0\u00bb _builder_version=\u00a0\u00bb3.23&Prime; max_width=\u00a0\u00bb84%\u00a0\u00bb module_alignment=\u00a0\u00bbleft\u00a0\u00bb][\/et_pb_image][\/et_pb_column][et_pb_column type=\u00a0\u00bb1_2&Prime; _builder_version=\u00a0\u00bb3.25&Prime; custom_padding=\u00a0\u00bb|||\u00a0\u00bb custom_padding__hover=\u00a0\u00bb|||\u00a0\u00bb][et_pb_text _builder_version=\u00a0\u00bb4.5.3&Prime; _module_preset=\u00a0\u00bbdefault\u00a0\u00bb]Olympe vous accompagne pour \u00e9laborer et mettre en \u0153uvre vos engagements en faveur de l\u2019\u00e9galit\u00e9. Vous souhaitez que votre entreprise, votre collectivit\u00e9, votre association, s\u2019engage pour l\u2019\u00e9galit\u00e9 femmes-hommes et dans la lutte [&hellip;]<\/p>\n","protected":false},"author":1,"featured_media":0,"parent":0,"menu_order":0,"comment_status":"closed","ping_status":"closed","template":"","meta":{"_et_pb_use_builder":"on","_et_pb_old_content":"","_et_gb_content_width":"","footnotes":""},"class_list":["post-105","page","type-page","status-publish","hentry"],"_links":{"self":[{"href":"https:\/\/olympeconseil.fr\/index.php?rest_route=\/wp\/v2\/pages\/105"}],"collection":[{"href":"https:\/\/olympeconseil.fr\/index.php?rest_route=\/wp\/v2\/pages"}],"about":[{"href":"https:\/\/olympeconseil.fr\/index.php?rest_route=\/wp\/v2\/types\/page"}],"author":[{"embeddable":true,"href":"https:\/\/olympeconseil.fr\/index.php?rest_route=\/wp\/v2\/users\/1"}],"replies":[{"embeddable":true,"href":"https:\/\/olympeconseil.fr\/index.php?rest_route=%2Fwp%2Fv2%2Fcomments&post=105"}],"version-history":[{"count":50,"href":"https:\/\/olympeconseil.fr\/index.php?rest_route=\/wp\/v2\/pages\/105\/revisions"}],"predecessor-version":[{"id":1211,"href":"https:\/\/olympeconseil.fr\/index.php?rest_route=\/wp\/v2\/pages\/105\/revisions\/1211"}],"wp:attachment":[{"href":"https:\/\/olympeconseil.fr\/index.php?rest_route=%2Fwp%2Fv2%2Fmedia&parent=105"}],"curies":[{"name":"wp","href":"https:\/\/api.w.org\/{rel}","templated":true}]}}